{"id":15,"date":"2023-10-02T18:48:04","date_gmt":"2023-10-02T16:48:04","guid":{"rendered":"https:\/\/lafeteafontin.be\/?page_id=15"},"modified":"2025-09-30T22:20:29","modified_gmt":"2025-09-30T20:20:29","slug":"samedi","status":"publish","type":"page","link":"https:\/\/lafeteafontin.be\/index.php\/samedi\/","title":{"rendered":"Samedi 12 septembre"},"content":{"rendered":"\n<p>Trail &#8220;La Fontinoise&#8221; &#8211; <a href=\"http:\/\/www.trail-for-fun.be\">www.trail-for-fun.be<\/a> <\/p>\n\n\n\n<p>12 \u00e8me \u00e9dition de La Fontinoise ! <a href=\"https:\/\/ultratiming.ledossard.com\/inscription\/index.php?id=3087&amp;fbclid=IwY2xjawLM3dtleHRuA2FlbQIxMAABHiTxyjEIgxMfo7eKKnW6nDKwnb-r2fd6MFB5lrHJHTnN0mQEEMUe8_1FRbf__aem_7KU1TuaqDU4_t0NgVsN5rw\">Inscrivez-vous<\/a> d\u00e8s maintenant !<\/p>\n\n\n\n<figure class=\"wp-block-image size-full is-resized\"><img loading=\"lazy\" decoding=\"async\" width=\"1024\" height=\"576\" src=\"https:\/\/lafeteafontin.be\/wp-content\/uploads\/2023\/10\/logo-Trail-For-Fun-White-BG-1024x576-1.png\" alt=\"Logo trail for fun\" class=\"wp-image-71\" style=\"width:279px;height:157px\" srcset=\"https:\/\/lafeteafontin.be\/wp-content\/uploads\/2023\/10\/logo-Trail-For-Fun-White-BG-1024x576-1.png 1024w, https:\/\/lafeteafontin.be\/wp-content\/uploads\/2023\/10\/logo-Trail-For-Fun-White-BG-1024x576-1-300x169.png 300w, https:\/\/lafeteafontin.be\/wp-content\/uploads\/2023\/10\/logo-Trail-For-Fun-White-BG-1024x576-1-768x432.png 768w\" sizes=\"auto, (max-width: 1024px) 100vw, 1024px\" \/><\/figure>\n\n\n\n<ul class=\"wp-block-list\">\n<li>13h00 : Course enfant gratuite ! (400 ou 800m). Petits cadeaux pour tous \ud83d\ude42<\/li>\n\n\n\n<li>13h45 : Trail 35 km<\/li>\n\n\n\n<li>15h00 : Trail 22 km<\/li>\n\n\n\n<li>15h00 : Trail 14 km<\/li>\n\n\n\n<li>15h45 : Trail 8 km<\/li>\n<\/ul>\n\n\n\n<p>PAF : <\/p>\n\n\n\n<p>8km : 8\u20ac<br>14km : 10\u20ac<br>22km : 12\u20ac<br>35km : 15\u20ac<\/p>\n\n\n\n<p>Le jour m\u00eame, le prix sera major\u00e9 de 2\u20ac<\/p>\n\n\n\n<hr class=\"wp-block-separator has-alpha-channel-opacity\"\/>\n\n\n\n<figure class=\"wp-block-image size-large is-resized\"><img loading=\"lazy\" decoding=\"async\" width=\"1024\" height=\"1024\" src=\"https:\/\/lafeteafontin.be\/wp-content\/uploads\/2024\/06\/4138949-1024x1024.jpg\" alt=\"\" class=\"wp-image-95\" style=\"width:308px;height:auto\" srcset=\"https:\/\/lafeteafontin.be\/wp-content\/uploads\/2024\/06\/4138949-1024x1024.jpg 1024w, https:\/\/lafeteafontin.be\/wp-content\/uploads\/2024\/06\/4138949-300x300.jpg 300w, https:\/\/lafeteafontin.be\/wp-content\/uploads\/2024\/06\/4138949-150x150.jpg 150w, https:\/\/lafeteafontin.be\/wp-content\/uploads\/2024\/06\/4138949-768x768.jpg 768w, https:\/\/lafeteafontin.be\/wp-content\/uploads\/2024\/06\/4138949-1536x1536.jpg 1536w, https:\/\/lafeteafontin.be\/wp-content\/uploads\/2024\/06\/4138949.jpg 2000w\" sizes=\"auto, (max-width: 1024px) 100vw, 1024px\" \/><\/figure>\n\n\n\n<p>Concert d\u00e8s 21h00 : A venir ! Venez danser avec nous jusqu&#8217;au petit matin.<\/p>\n","protected":false},"excerpt":{"rendered":"<p>Trail &#8220;La Fontinoise&#8221; &#8211; www.trail-for-fun.be 12 \u00e8me \u00e9dition de La Fontinoise ! Inscrivez-vous d\u00e8s maintenant ! PAF : 8km : 8\u20ac14km : 10\u20ac22km : 12\u20ac35km : 15\u20ac Le jour m\u00eame, le prix sera major\u00e9 de 2\u20ac Concert d\u00e8s 21h00 : A venir ! Venez danser avec nous jusqu&#8217;au petit matin.<\/p>\n","protected":false},"author":1,"featured_media":0,"parent":0,"menu_order":0,"comment_status":"closed","ping_status":"closed","template":"","meta":{"_eb_attr":"","_themeisle_gutenberg_block_has_review":false,"footnotes":""},"class_list":["post-15","page","type-page","status-publish","hentry"],"_links":{"self":[{"href":"https:\/\/lafeteafontin.be\/index.php\/wp-json\/wp\/v2\/pages\/15","targetHints":{"allow":["GET"]}}],"collection":[{"href":"https:\/\/lafeteafontin.be\/index.php\/wp-json\/wp\/v2\/pages"}],"about":[{"href":"https:\/\/lafeteafontin.be\/index.php\/wp-json\/wp\/v2\/types\/page"}],"author":[{"embeddable":true,"href":"https:\/\/lafeteafontin.be\/index.php\/wp-json\/wp\/v2\/users\/1"}],"replies":[{"embeddable":true,"href":"https:\/\/lafeteafontin.be\/index.php\/wp-json\/wp\/v2\/comments?post=15"}],"version-history":[{"count":10,"href":"https:\/\/lafeteafontin.be\/index.php\/wp-json\/wp\/v2\/pages\/15\/revisions"}],"predecessor-version":[{"id":153,"href":"https:\/\/lafeteafontin.be\/index.php\/wp-json\/wp\/v2\/pages\/15\/revisions\/153"}],"wp:attachment":[{"href":"https:\/\/lafeteafontin.be\/index.php\/wp-json\/wp\/v2\/media?parent=15"}],"curies":[{"name":"wp","href":"https:\/\/api.w.org\/{rel}","templated":true}]}}