{"id":19,"date":"2023-10-02T18:58:35","date_gmt":"2023-10-02T16:58:35","guid":{"rendered":"https:\/\/lafeteafontin.be\/?page_id=19"},"modified":"2025-09-30T22:09:47","modified_gmt":"2025-09-30T20:09:47","slug":"dimanche","status":"publish","type":"page","link":"https:\/\/lafeteafontin.be\/index.php\/dimanche\/","title":{"rendered":"Dimanche 13 septembre"},"content":{"rendered":"\n<p>D\u00e8s 12h00 : Bar &amp; petite restauration<\/p>\n\n\n\n<p>D\u00e8s 12h00 : Pr\u00e9sence du coiffeur <a href=\"https:\/\/www.facebook.com\/ilpadrino.coiffeurhommes.3\">Il Padrino <\/a>! Profitez de la f\u00eate \u00e0 Fontin pour vous offrir une coupe de cheveux \u00e0 prix d\u00e9mocratique ! Ne loupez pas l&#8217;occasion !<\/p>\n\n\n\n<figure class=\"wp-block-image size-full is-resized\"><img loading=\"lazy\" decoding=\"async\" width=\"650\" height=\"500\" src=\"https:\/\/lafeteafontin.be\/wp-content\/uploads\/2024\/06\/sponso6.png\" alt=\"\" class=\"wp-image-91\" style=\"width:354px;height:auto\" srcset=\"https:\/\/lafeteafontin.be\/wp-content\/uploads\/2024\/06\/sponso6.png 650w, https:\/\/lafeteafontin.be\/wp-content\/uploads\/2024\/06\/sponso6-300x231.png 300w\" sizes=\"auto, (max-width: 650px) 100vw, 650px\" \/><\/figure>\n\n\n\n<blockquote class=\"wp-block-quote is-layout-flow wp-block-quote-is-layout-flow\">\n<p class=\"has-normal-font-size\"><strong>13h30 : Tournoi de p\u00e9tanque !<\/strong><br>80 \u00e9quipes de 3 joueurs.<br>Paf : 10\u20ac par joueur, teeshirt souvenir offert + 1 ecocup !<br>Retrait des accr\u00e9ditations sur place, le jour m\u00eame, d\u00e8s 12h30.<br>D\u00e9but des joutes : 13h30.<\/p>\n<\/blockquote>\n\n\n\n<p class=\"has-text-align-center\">Inscription via le formulaire ci dessous <strong>du 1 au 12 septembre<\/strong><\/p>\n\n\n\n<p class=\"has-text-align-center\"><a href=\"http:\/\/:\" data-type=\"link\" data-id=\"https:\/\/\">PAS ENCORE DISPONIBLE<\/a><\/p>\n\n\n\n<p class=\"has-text-align-center\">ATTENTION ! <em>Toute inscription effectu\u00e9e avant le 1\/09  ne sera <\/em><br><em><strong>PAS PRISE EN COMPTE<\/strong><\/em><\/p>\n\n\n\n<figure class=\"wp-block-image size-full is-resized\"><img loading=\"lazy\" decoding=\"async\" width=\"608\" height=\"374\" src=\"https:\/\/lafeteafontin.be\/wp-content\/uploads\/2024\/06\/sponsoArtboard-1.png\" alt=\"\" class=\"wp-image-92\" style=\"width:342px;height:auto\" srcset=\"https:\/\/lafeteafontin.be\/wp-content\/uploads\/2024\/06\/sponsoArtboard-1.png 608w, https:\/\/lafeteafontin.be\/wp-content\/uploads\/2024\/06\/sponsoArtboard-1-300x185.png 300w\" sizes=\"auto, (max-width: 608px) 100vw, 608px\" \/><\/figure>\n\n\n\n<blockquote class=\"wp-block-quote has-normal-font-size is-layout-flow wp-block-quote-is-layout-flow\">\n<p class=\"has-normal-font-size\"><strong> Spectacle de marionnettes<\/strong><br>3 repr\u00e9sentations de 20 minutes pour occuper les enfants pendant que les grands tirent et pointent !<\/p>\n<cite>14h30, 15h30, 16h30<\/cite><\/blockquote>\n\n\n\n<p>De 14h00 \u00e0 18h00 : Grimages pour enfants<\/p>\n\n\n\n<p>D\u00e8s 15h00 : F\u00eate foraine, bar<\/p>\n","protected":false},"excerpt":{"rendered":"<p>D\u00e8s 12h00 : Bar &amp; petite restauration D\u00e8s 12h00 : Pr\u00e9sence du coiffeur Il Padrino ! Profitez de la f\u00eate \u00e0 Fontin pour vous offrir une coupe de cheveux \u00e0 prix d\u00e9mocratique ! Ne loupez pas l&#8217;occasion ! 13h30 : Tournoi de p\u00e9tanque !80 \u00e9quipes de 3 joueurs.Paf : 10\u20ac par joueur, teeshirt souvenir offert [&hellip;]<\/p>\n","protected":false},"author":1,"featured_media":0,"parent":0,"menu_order":0,"comment_status":"closed","ping_status":"closed","template":"","meta":{"_eb_attr":"","_themeisle_gutenberg_block_has_review":false,"footnotes":""},"class_list":["post-19","page","type-page","status-publish","hentry"],"_links":{"self":[{"href":"https:\/\/lafeteafontin.be\/index.php\/wp-json\/wp\/v2\/pages\/19","targetHints":{"allow":["GET"]}}],"collection":[{"href":"https:\/\/lafeteafontin.be\/index.php\/wp-json\/wp\/v2\/pages"}],"about":[{"href":"https:\/\/lafeteafontin.be\/index.php\/wp-json\/wp\/v2\/types\/page"}],"author":[{"embeddable":true,"href":"https:\/\/lafeteafontin.be\/index.php\/wp-json\/wp\/v2\/users\/1"}],"replies":[{"embeddable":true,"href":"https:\/\/lafeteafontin.be\/index.php\/wp-json\/wp\/v2\/comments?post=19"}],"version-history":[{"count":12,"href":"https:\/\/lafeteafontin.be\/index.php\/wp-json\/wp\/v2\/pages\/19\/revisions"}],"predecessor-version":[{"id":154,"href":"https:\/\/lafeteafontin.be\/index.php\/wp-json\/wp\/v2\/pages\/19\/revisions\/154"}],"wp:attachment":[{"href":"https:\/\/lafeteafontin.be\/index.php\/wp-json\/wp\/v2\/media?parent=19"}],"curies":[{"name":"wp","href":"https:\/\/api.w.org\/{rel}","templated":true}]}}